{"id":200,"date":"2023-08-21T11:10:29","date_gmt":"2023-08-21T11:10:29","guid":{"rendered":"https:\/\/noral.de\/de\/?page_id=200"},"modified":"2025-08-29T15:06:21","modified_gmt":"2025-08-29T15:06:21","slug":"corporate-values","status":"publish","type":"page","link":"https:\/\/noral.de\/de\/corporate-values\/","title":{"rendered":"Unternehmenswerte"},"content":{"rendered":"\t\t<div data-elementor-type=\"wp-page\" data-elementor-id=\"200\" class=\"elementor elementor-200\">\n\t\t\t\t\t\t<section class=\"elementor-section elementor-top-section elementor-element elementor-element-c301878 elementor-section-boxed elementor-section-height-default elementor-section-height-default exad-glass-effect-no wpr-particle-no wpr-jarallax-no wpr-parallax-no wpr-sticky-section-no exad-sticky-section-no\" data-id=\"c301878\" data-element_type=\"section\">\n\t\t\t\t\t\t<div class=\"elementor-container elementor-column-gap-default\">\n\t\t\t\t\t<div class=\"elementor-column elementor-col-100 elementor-top-column elementor-element elementor-element-af9ad41 exad-glass-effect-no exad-sticky-section-no\" data-id=\"af9ad41\" data-element_type=\"column\">\n\t\t\t<div class=\"elementor-widget-wrap elementor-element-populated\">\n\t\t\t\t\t\t<div class=\"elementor-element elementor-element-9504dd5 exad-sticky-section-no exad-glass-effect-no elementor-widget elementor-widget-image\" data-id=\"9504dd5\" data-element_type=\"widget\" data-widget_type=\"image.default\">\n\t\t\t\t<div class=\"elementor-widget-container\">\n\t\t\t\t\t\t\t\t\t\t\t\t\t\t\t<img fetchpriority=\"high\" decoding=\"async\" width=\"1920\" height=\"500\" src=\"https:\/\/noral.de\/de\/wp-content\/uploads\/2023\/09\/isikalr.jpg\" class=\"attachment-full size-full wp-image-1537\" alt=\"\" srcset=\"https:\/\/noral.de\/de\/wp-content\/uploads\/2023\/09\/isikalr.jpg 1920w, https:\/\/noral.de\/de\/wp-content\/uploads\/2023\/09\/isikalr-300x78.jpg 300w, https:\/\/noral.de\/de\/wp-content\/uploads\/2023\/09\/isikalr-1024x267.jpg 1024w, https:\/\/noral.de\/de\/wp-content\/uploads\/2023\/09\/isikalr-768x200.jpg 768w, https:\/\/noral.de\/de\/wp-content\/uploads\/2023\/09\/isikalr-1536x400.jpg 1536w\" sizes=\"(max-width: 1920px) 100vw, 1920px\" \/>\t\t\t\t\t\t\t\t\t\t\t\t\t\t\t<\/div>\n\t\t\t\t<\/div>\n\t\t\t\t\t<\/div>\n\t\t<\/div>\n\t\t\t\t\t<\/div>\n\t\t<\/section>\n\t\t\t\t<section class=\"elementor-section elementor-top-section elementor-element elementor-element-f111be8 elementor-section-boxed elementor-section-height-default elementor-section-height-default exad-glass-effect-no wpr-particle-no wpr-jarallax-no wpr-parallax-no wpr-sticky-section-no exad-sticky-section-no\" data-id=\"f111be8\" data-element_type=\"section\">\n\t\t\t\t\t\t<div class=\"elementor-container elementor-column-gap-default\">\n\t\t\t\t\t<div class=\"elementor-column elementor-col-100 elementor-top-column elementor-element elementor-element-935d933 exad-glass-effect-no exad-sticky-section-no\" data-id=\"935d933\" data-element_type=\"column\">\n\t\t\t<div class=\"elementor-widget-wrap elementor-element-populated\">\n\t\t\t\t\t\t<div class=\"elementor-element elementor-element-d6ca116 exad-sticky-section-no exad-glass-effect-no elementor-widget elementor-widget-text-editor\" data-id=\"d6ca116\" data-element_type=\"widget\" data-widget_type=\"text-editor.default\">\n\t\t\t\t<div class=\"elementor-widget-container\">\n\t\t\t\t\t\t\t\t\t<p>Innovation und Exzellenz: Als skandinavische Marke stellen wir unsere F\u00fchrungsposition in der LED-Leuchtenproduktion durch Innovation und Exzellenz unter Beweis. Als Marke mit einer tief verwurzelten Geschichte und st\u00e4ndigen Investitionen in neue Technologien entwickeln wir bahnbrechende Produkte f\u00fcr die Beleuchtungsindustrie. Die Qualit\u00e4t unserer Produkte \u00fcbertrifft die internationalen Standards in Bezug auf hohe Energieeffizienz, Langlebigkeit, Zuverl\u00e4ssigkeit und \u00e4sthetische Werte. Wir sind ein Team, das nach Spitzenleistungen strebt und stets bem\u00fcht ist, unseren Kunden die innovativsten L\u00f6sungen zu bieten.<\/p><p><em>Nachhaltigkeit und Sensibilit\u00e4t f\u00fcr die Umwelt: Unser Respekt f\u00fcr die Natur bildet die Grundlage unserer Unternehmenswerte. Wir gestalten unsere Produktionsprozesse und Produkte so, dass sie die Umwelt so wenig wie m\u00f6glich belasten. Wir tragen zu einer nachhaltigen Zukunft bei, indem wir unsere energiesparenden Produkte, umweltfreundlichen Materialien und wiederverwertbaren Verpackungen einsetzen. Wir handeln im Bewusstsein der Umweltverantwortung und bieten unseren Kunden umweltfreundliche und energieeffiziente Beleuchtungsl\u00f6sungen.<\/em><\/p><p><em>Kundenzufriedenheit und Verl\u00e4sslichkeit: Wir sind bestrebt, die Zufriedenheit unserer Kunden auf h\u00f6chstem Niveau zu halten, indem wir uns auf ihre Bed\u00fcrfnisse und Erwartungen konzentrieren. Zuverl\u00e4ssigkeit ist der Eckpfeiler unseres Gesch\u00e4fts und wir pr\u00fcfen jedes unserer Produkte sorgf\u00e4ltig auf Qualit\u00e4t und Leistung. Mit einem professionellen und kundenorientierten Ansatz arbeiten wir daran, die am besten geeigneten L\u00f6sungen f\u00fcr Ihre Projekte und Anforderungen zu finden. Das Vertrauen unserer Kunden ist die Grundlage f\u00fcr den Aufbau langfristiger Gesch\u00e4ftsbeziehungen, und wir sind stets bestrebt, dieses Vertrauen zu rechtfertigen.<\/em><\/p>\t\t\t\t\t\t\t\t<\/div>\n\t\t\t\t<\/div>\n\t\t\t\t\t<\/div>\n\t\t<\/div>\n\t\t\t\t\t<\/div>\n\t\t<\/section>\n\t\t\t\t<\/div>\n\t\t","protected":false},"excerpt":{"rendered":"<p>Innovation und Exzellenz: Als skandinavische Marke stellen wir unsere F\u00fchrungsposition in der LED-Leuchtenproduktion durch Innovation und Exzellenz unter Beweis. Als Marke mit einer tief verwurzelten Geschichte und st\u00e4ndigen Investitionen in neue Technologien entwickeln wir bahnbrechende Produkte f\u00fcr die Beleuchtungsindustrie. Die Qualit\u00e4t unserer Produkte \u00fcbertrifft die internationalen Standards in Bezug auf hohe Energieeffizienz, Langlebigkeit, Zuverl\u00e4ssigkeit und \u00e4sthetische Werte. Wir sind ein Team, das nach Spitzenleistungen strebt und stets bem\u00fcht ist, unseren Kunden die innovativsten L\u00f6sungen zu bieten. Nachhaltigkeit und Sensibilit\u00e4t f\u00fcr die Umwelt: Unser Respekt f\u00fcr die Natur bildet die Grundlage unserer Unternehmenswerte. Wir gestalten unsere Produktionsprozesse und Produkte so, dass sie die Umwelt so wenig wie m\u00f6glich belasten. Wir tragen zu einer nachhaltigen Zukunft bei, indem wir unsere energiesparenden Produkte, umweltfreundlichen Materialien und wiederverwertbaren Verpackungen einsetzen. Wir handeln im Bewusstsein der Umweltverantwortung und bieten unseren Kunden umweltfreundliche und energieeffiziente Beleuchtungsl\u00f6sungen. Kundenzufriedenheit und Verl\u00e4sslichkeit: Wir sind bestrebt, die Zufriedenheit unserer Kunden auf h\u00f6chstem Niveau zu halten, indem wir uns auf ihre Bed\u00fcrfnisse und Erwartungen konzentrieren. Zuverl\u00e4ssigkeit ist der Eckpfeiler unseres Gesch\u00e4fts und wir pr\u00fcfen jedes unserer Produkte sorgf\u00e4ltig auf Qualit\u00e4t und Leistung. Mit einem professionellen und kundenorientierten Ansatz arbeiten wir daran, die am besten geeigneten L\u00f6sungen f\u00fcr Ihre Projekte und Anforderungen zu finden. Das Vertrauen unserer Kunden ist die Grundlage f\u00fcr den Aufbau langfristiger Gesch\u00e4ftsbeziehungen, und wir sind stets bestrebt, dieses Vertrauen zu rechtfertigen.<\/p>\n","protected":false},"author":1,"featured_media":0,"parent":0,"menu_order":0,"comment_status":"closed","ping_status":"closed","template":"","meta":{"inline_featured_image":false,"footnotes":""},"class_list":["post-200","page","type-page","status-publish","hentry"],"yoast_head":"<!-- This site is optimized with the Yoast SEO plugin v25.9 - https:\/\/yoast.com\/wordpress\/plugins\/seo\/ -->\n<title>Unternehmenswerte - Noral Lighting<\/title>\n<meta name=\"robots\" content=\"index, follow, max-snippet:-1, max-image-preview:large, max-video-preview:-1\" \/>\n<link rel=\"canonical\" href=\"https:\/\/noral.de\/de\/corporate-values\/\" \/>\n<meta property=\"og:locale\" content=\"tr_TR\" \/>\n<meta property=\"og:type\" content=\"article\" \/>\n<meta property=\"og:title\" content=\"Unternehmenswerte - Noral Lighting\" \/>\n<meta property=\"og:description\" content=\"Innovation und Exzellenz: Als skandinavische Marke stellen wir unsere F\u00fchrungsposition in der LED-Leuchtenproduktion durch Innovation und Exzellenz unter Beweis. Als Marke mit einer tief verwurzelten Geschichte und st\u00e4ndigen Investitionen in neue Technologien entwickeln wir bahnbrechende Produkte f\u00fcr die Beleuchtungsindustrie. Die Qualit\u00e4t unserer Produkte \u00fcbertrifft die internationalen Standards in Bezug auf hohe Energieeffizienz, Langlebigkeit, Zuverl\u00e4ssigkeit und \u00e4sthetische Werte. Wir sind ein Team, das nach Spitzenleistungen strebt und stets bem\u00fcht ist, unseren Kunden die innovativsten L\u00f6sungen zu bieten. Nachhaltigkeit und Sensibilit\u00e4t f\u00fcr die Umwelt: Unser Respekt f\u00fcr die Natur bildet die Grundlage unserer Unternehmenswerte. Wir gestalten unsere Produktionsprozesse und Produkte so, dass sie die Umwelt so wenig wie m\u00f6glich belasten. Wir tragen zu einer nachhaltigen Zukunft bei, indem wir unsere energiesparenden Produkte, umweltfreundlichen Materialien und wiederverwertbaren Verpackungen einsetzen. Wir handeln im Bewusstsein der Umweltverantwortung und bieten unseren Kunden umweltfreundliche und energieeffiziente Beleuchtungsl\u00f6sungen. Kundenzufriedenheit und Verl\u00e4sslichkeit: Wir sind bestrebt, die Zufriedenheit unserer Kunden auf h\u00f6chstem Niveau zu halten, indem wir uns auf ihre Bed\u00fcrfnisse und Erwartungen konzentrieren. Zuverl\u00e4ssigkeit ist der Eckpfeiler unseres Gesch\u00e4fts und wir pr\u00fcfen jedes unserer Produkte sorgf\u00e4ltig auf Qualit\u00e4t und Leistung. Mit einem professionellen und kundenorientierten Ansatz arbeiten wir daran, die am besten geeigneten L\u00f6sungen f\u00fcr Ihre Projekte und Anforderungen zu finden. Das Vertrauen unserer Kunden ist die Grundlage f\u00fcr den Aufbau langfristiger Gesch\u00e4ftsbeziehungen, und wir sind stets bestrebt, dieses Vertrauen zu rechtfertigen.\" \/>\n<meta property=\"og:url\" content=\"https:\/\/noral.de\/de\/corporate-values\/\" \/>\n<meta property=\"og:site_name\" content=\"Noral Lighting\" \/>\n<meta property=\"article:modified_time\" content=\"2025-08-29T15:06:21+00:00\" \/>\n<meta property=\"og:image\" content=\"https:\/\/noral.de\/de\/wp-content\/uploads\/2023\/09\/isikalr.jpg\" \/>\n\t<meta property=\"og:image:width\" content=\"1920\" \/>\n\t<meta property=\"og:image:height\" content=\"500\" \/>\n\t<meta property=\"og:image:type\" content=\"image\/jpeg\" \/>\n<meta name=\"twitter:card\" content=\"summary_large_image\" \/>\n<meta name=\"twitter:label1\" content=\"Tahmini okuma s\u00fcresi\" \/>\n\t<meta name=\"twitter:data1\" content=\"2 dakika\" \/>\n<script type=\"application\/ld+json\" class=\"yoast-schema-graph\">{\"@context\":\"https:\/\/schema.org\",\"@graph\":[{\"@type\":\"WebPage\",\"@id\":\"https:\/\/noral.de\/de\/corporate-values\/\",\"url\":\"https:\/\/noral.de\/de\/corporate-values\/\",\"name\":\"Unternehmenswerte - Noral Lighting\",\"isPartOf\":{\"@id\":\"https:\/\/noral.de\/de\/#website\"},\"primaryImageOfPage\":{\"@id\":\"https:\/\/noral.de\/de\/corporate-values\/#primaryimage\"},\"image\":{\"@id\":\"https:\/\/noral.de\/de\/corporate-values\/#primaryimage\"},\"thumbnailUrl\":\"https:\/\/noral.de\/de\/wp-content\/uploads\/2023\/09\/isikalr.jpg\",\"datePublished\":\"2023-08-21T11:10:29+00:00\",\"dateModified\":\"2025-08-29T15:06:21+00:00\",\"breadcrumb\":{\"@id\":\"https:\/\/noral.de\/de\/corporate-values\/#breadcrumb\"},\"inLanguage\":\"tr\",\"potentialAction\":[{\"@type\":\"ReadAction\",\"target\":[\"https:\/\/noral.de\/de\/corporate-values\/\"]}]},{\"@type\":\"ImageObject\",\"inLanguage\":\"tr\",\"@id\":\"https:\/\/noral.de\/de\/corporate-values\/#primaryimage\",\"url\":\"https:\/\/noral.de\/de\/wp-content\/uploads\/2023\/09\/isikalr.jpg\",\"contentUrl\":\"https:\/\/noral.de\/de\/wp-content\/uploads\/2023\/09\/isikalr.jpg\",\"width\":1920,\"height\":500},{\"@type\":\"BreadcrumbList\",\"@id\":\"https:\/\/noral.de\/de\/corporate-values\/#breadcrumb\",\"itemListElement\":[{\"@type\":\"ListItem\",\"position\":1,\"name\":\"Home\",\"item\":\"https:\/\/noral.de\/de\/\"},{\"@type\":\"ListItem\",\"position\":2,\"name\":\"Unternehmenswerte\"}]},{\"@type\":\"WebSite\",\"@id\":\"https:\/\/noral.de\/de\/#website\",\"url\":\"https:\/\/noral.de\/de\/\",\"name\":\"Noral\",\"description\":\"GmbH\",\"publisher\":{\"@id\":\"https:\/\/noral.de\/de\/#organization\"},\"potentialAction\":[{\"@type\":\"SearchAction\",\"target\":{\"@type\":\"EntryPoint\",\"urlTemplate\":\"https:\/\/noral.de\/de\/?s={search_term_string}\"},\"query-input\":{\"@type\":\"PropertyValueSpecification\",\"valueRequired\":true,\"valueName\":\"search_term_string\"}}],\"inLanguage\":\"tr\"},{\"@type\":\"Organization\",\"@id\":\"https:\/\/noral.de\/de\/#organization\",\"name\":\"Noral\",\"url\":\"https:\/\/noral.de\/de\/\",\"logo\":{\"@type\":\"ImageObject\",\"inLanguage\":\"tr\",\"@id\":\"https:\/\/noral.de\/de\/#\/schema\/logo\/image\/\",\"url\":\"https:\/\/noral.de\/de\/wp-content\/uploads\/2023\/08\/noral-logo.svg\",\"contentUrl\":\"https:\/\/noral.de\/de\/wp-content\/uploads\/2023\/08\/noral-logo.svg\",\"width\":248,\"height\":70,\"caption\":\"Noral\"},\"image\":{\"@id\":\"https:\/\/noral.de\/de\/#\/schema\/logo\/image\/\"}}]}<\/script>\n<!-- \/ Yoast SEO plugin. -->","yoast_head_json":{"title":"Unternehmenswerte - Noral Lighting","robots":{"index":"index","follow":"follow","max-snippet":"max-snippet:-1","max-image-preview":"max-image-preview:large","max-video-preview":"max-video-preview:-1"},"canonical":"https:\/\/noral.de\/de\/corporate-values\/","og_locale":"tr_TR","og_type":"article","og_title":"Unternehmenswerte - Noral Lighting","og_description":"Innovation und Exzellenz: Als skandinavische Marke stellen wir unsere F\u00fchrungsposition in der LED-Leuchtenproduktion durch Innovation und Exzellenz unter Beweis. Als Marke mit einer tief verwurzelten Geschichte und st\u00e4ndigen Investitionen in neue Technologien entwickeln wir bahnbrechende Produkte f\u00fcr die Beleuchtungsindustrie. Die Qualit\u00e4t unserer Produkte \u00fcbertrifft die internationalen Standards in Bezug auf hohe Energieeffizienz, Langlebigkeit, Zuverl\u00e4ssigkeit und \u00e4sthetische Werte. Wir sind ein Team, das nach Spitzenleistungen strebt und stets bem\u00fcht ist, unseren Kunden die innovativsten L\u00f6sungen zu bieten. Nachhaltigkeit und Sensibilit\u00e4t f\u00fcr die Umwelt: Unser Respekt f\u00fcr die Natur bildet die Grundlage unserer Unternehmenswerte. Wir gestalten unsere Produktionsprozesse und Produkte so, dass sie die Umwelt so wenig wie m\u00f6glich belasten. Wir tragen zu einer nachhaltigen Zukunft bei, indem wir unsere energiesparenden Produkte, umweltfreundlichen Materialien und wiederverwertbaren Verpackungen einsetzen. Wir handeln im Bewusstsein der Umweltverantwortung und bieten unseren Kunden umweltfreundliche und energieeffiziente Beleuchtungsl\u00f6sungen. Kundenzufriedenheit und Verl\u00e4sslichkeit: Wir sind bestrebt, die Zufriedenheit unserer Kunden auf h\u00f6chstem Niveau zu halten, indem wir uns auf ihre Bed\u00fcrfnisse und Erwartungen konzentrieren. Zuverl\u00e4ssigkeit ist der Eckpfeiler unseres Gesch\u00e4fts und wir pr\u00fcfen jedes unserer Produkte sorgf\u00e4ltig auf Qualit\u00e4t und Leistung. Mit einem professionellen und kundenorientierten Ansatz arbeiten wir daran, die am besten geeigneten L\u00f6sungen f\u00fcr Ihre Projekte und Anforderungen zu finden. Das Vertrauen unserer Kunden ist die Grundlage f\u00fcr den Aufbau langfristiger Gesch\u00e4ftsbeziehungen, und wir sind stets bestrebt, dieses Vertrauen zu rechtfertigen.","og_url":"https:\/\/noral.de\/de\/corporate-values\/","og_site_name":"Noral Lighting","article_modified_time":"2025-08-29T15:06:21+00:00","og_image":[{"width":1920,"height":500,"url":"https:\/\/noral.de\/de\/wp-content\/uploads\/2023\/09\/isikalr.jpg","type":"image\/jpeg"}],"twitter_card":"summary_large_image","twitter_misc":{"Tahmini okuma s\u00fcresi":"2 dakika"},"schema":{"@context":"https:\/\/schema.org","@graph":[{"@type":"WebPage","@id":"https:\/\/noral.de\/de\/corporate-values\/","url":"https:\/\/noral.de\/de\/corporate-values\/","name":"Unternehmenswerte - Noral Lighting","isPartOf":{"@id":"https:\/\/noral.de\/de\/#website"},"primaryImageOfPage":{"@id":"https:\/\/noral.de\/de\/corporate-values\/#primaryimage"},"image":{"@id":"https:\/\/noral.de\/de\/corporate-values\/#primaryimage"},"thumbnailUrl":"https:\/\/noral.de\/de\/wp-content\/uploads\/2023\/09\/isikalr.jpg","datePublished":"2023-08-21T11:10:29+00:00","dateModified":"2025-08-29T15:06:21+00:00","breadcrumb":{"@id":"https:\/\/noral.de\/de\/corporate-values\/#breadcrumb"},"inLanguage":"tr","potentialAction":[{"@type":"ReadAction","target":["https:\/\/noral.de\/de\/corporate-values\/"]}]},{"@type":"ImageObject","inLanguage":"tr","@id":"https:\/\/noral.de\/de\/corporate-values\/#primaryimage","url":"https:\/\/noral.de\/de\/wp-content\/uploads\/2023\/09\/isikalr.jpg","contentUrl":"https:\/\/noral.de\/de\/wp-content\/uploads\/2023\/09\/isikalr.jpg","width":1920,"height":500},{"@type":"BreadcrumbList","@id":"https:\/\/noral.de\/de\/corporate-values\/#breadcrumb","itemListElement":[{"@type":"ListItem","position":1,"name":"Home","item":"https:\/\/noral.de\/de\/"},{"@type":"ListItem","position":2,"name":"Unternehmenswerte"}]},{"@type":"WebSite","@id":"https:\/\/noral.de\/de\/#website","url":"https:\/\/noral.de\/de\/","name":"Noral","description":"GmbH","publisher":{"@id":"https:\/\/noral.de\/de\/#organization"},"potentialAction":[{"@type":"SearchAction","target":{"@type":"EntryPoint","urlTemplate":"https:\/\/noral.de\/de\/?s={search_term_string}"},"query-input":{"@type":"PropertyValueSpecification","valueRequired":true,"valueName":"search_term_string"}}],"inLanguage":"tr"},{"@type":"Organization","@id":"https:\/\/noral.de\/de\/#organization","name":"Noral","url":"https:\/\/noral.de\/de\/","logo":{"@type":"ImageObject","inLanguage":"tr","@id":"https:\/\/noral.de\/de\/#\/schema\/logo\/image\/","url":"https:\/\/noral.de\/de\/wp-content\/uploads\/2023\/08\/noral-logo.svg","contentUrl":"https:\/\/noral.de\/de\/wp-content\/uploads\/2023\/08\/noral-logo.svg","width":248,"height":70,"caption":"Noral"},"image":{"@id":"https:\/\/noral.de\/de\/#\/schema\/logo\/image\/"}}]}},"_links":{"self":[{"href":"https:\/\/noral.de\/de\/wp-json\/wp\/v2\/pages\/200","targetHints":{"allow":["GET"]}}],"collection":[{"href":"https:\/\/noral.de\/de\/wp-json\/wp\/v2\/pages"}],"about":[{"href":"https:\/\/noral.de\/de\/wp-json\/wp\/v2\/types\/page"}],"author":[{"embeddable":true,"href":"https:\/\/noral.de\/de\/wp-json\/wp\/v2\/users\/1"}],"replies":[{"embeddable":true,"href":"https:\/\/noral.de\/de\/wp-json\/wp\/v2\/comments?post=200"}],"version-history":[{"count":4,"href":"https:\/\/noral.de\/de\/wp-json\/wp\/v2\/pages\/200\/revisions"}],"predecessor-version":[{"id":3007,"href":"https:\/\/noral.de\/de\/wp-json\/wp\/v2\/pages\/200\/revisions\/3007"}],"wp:attachment":[{"href":"https:\/\/noral.de\/de\/wp-json\/wp\/v2\/media?parent=200"}],"curies":[{"name":"wp","href":"https:\/\/api.w.org\/{rel}","templated":true}]}}