{"id":200,"date":"2023-08-21T11:10:29","date_gmt":"2023-08-21T11:10:29","guid":{"rendered":"https:\/\/noral.de\/?page_id=200"},"modified":"2023-09-08T11:15:40","modified_gmt":"2023-09-08T11:15:40","slug":"corporate-values","status":"publish","type":"page","link":"https:\/\/noral.de\/sv\/corporate-values\/","title":{"rendered":"V\u00e5ra v\u00e4rderingar"},"content":{"rendered":"<div data-elementor-type=\"wp-page\" data-elementor-id=\"200\" class=\"elementor elementor-200\">\n\t\t\t\t\t\t<section class=\"elementor-section elementor-top-section elementor-element elementor-element-c301878 elementor-section-boxed elementor-section-height-default elementor-section-height-default exad-glass-effect-no wpr-particle-no wpr-jarallax-no wpr-parallax-no wpr-sticky-section-no exad-sticky-section-no\" data-id=\"c301878\" data-element_type=\"section\">\n\t\t\t\t\t\t<div class=\"elementor-container elementor-column-gap-default\">\n\t\t\t\t\t<div class=\"elementor-column elementor-col-100 elementor-top-column elementor-element elementor-element-af9ad41 exad-glass-effect-no exad-sticky-section-no\" data-id=\"af9ad41\" data-element_type=\"column\">\n\t\t\t<div class=\"elementor-widget-wrap elementor-element-populated\">\n\t\t\t\t\t\t<div class=\"elementor-element elementor-element-9504dd5 exad-sticky-section-no exad-glass-effect-no elementor-widget elementor-widget-image\" data-id=\"9504dd5\" data-element_type=\"widget\" data-widget_type=\"image.default\">\n\t\t\t\t<div class=\"elementor-widget-container\">\n\t\t\t\t\t\t\t\t\t\t\t\t\t\t\t<img fetchpriority=\"high\" decoding=\"async\" width=\"1920\" height=\"500\" src=\"https:\/\/noral.de\/wp-content\/uploads\/2023\/09\/isikalr.jpg\" class=\"attachment-full size-full wp-image-1537\" alt=\"\" srcset=\"https:\/\/noral.de\/wp-content\/uploads\/2023\/09\/isikalr.jpg 1920w, https:\/\/noral.de\/wp-content\/uploads\/2023\/09\/isikalr-300x78.jpg 300w, https:\/\/noral.de\/wp-content\/uploads\/2023\/09\/isikalr-1024x267.jpg 1024w, https:\/\/noral.de\/wp-content\/uploads\/2023\/09\/isikalr-768x200.jpg 768w, https:\/\/noral.de\/wp-content\/uploads\/2023\/09\/isikalr-1536x400.jpg 1536w\" sizes=\"(max-width: 1920px) 100vw, 1920px\" \/>\t\t\t\t\t\t\t\t\t\t\t\t\t\t\t<\/div>\n\t\t\t\t<\/div>\n\t\t\t\t\t<\/div>\n\t\t<\/div>\n\t\t\t\t\t<\/div>\n\t\t<\/section>\n\t\t\t\t<section class=\"elementor-section elementor-top-section elementor-element elementor-element-f111be8 elementor-section-boxed elementor-section-height-default elementor-section-height-default exad-glass-effect-no wpr-particle-no wpr-jarallax-no wpr-parallax-no wpr-sticky-section-no exad-sticky-section-no\" data-id=\"f111be8\" data-element_type=\"section\">\n\t\t\t\t\t\t<div class=\"elementor-container elementor-column-gap-default\">\n\t\t\t\t\t<div class=\"elementor-column elementor-col-100 elementor-top-column elementor-element elementor-element-935d933 exad-glass-effect-no exad-sticky-section-no\" data-id=\"935d933\" data-element_type=\"column\">\n\t\t\t<div class=\"elementor-widget-wrap elementor-element-populated\">\n\t\t\t\t\t\t<div class=\"elementor-element elementor-element-d6ca116 exad-sticky-section-no exad-glass-effect-no elementor-widget elementor-widget-text-editor\" data-id=\"d6ca116\" data-element_type=\"widget\" data-widget_type=\"text-editor.default\">\n\t\t\t\t<div class=\"elementor-widget-container\">\n\t\t\t\t\t\t\t\t\t<p>Innovation och excellens: Som ett skandinaviskt varum\u00e4rke \u00e4r vi ledande inom tillverkning av LED-armaturer med innovation och excellens. Som ett varum\u00e4rke med en l\u00e5ng historia och st\u00e4ndiga investeringar i ny teknik g\u00e5r vi fram\u00e5t genom att designa banbrytande produkter inom belysningsbranschen. V\u00e5ra produkter har en kvalitet som \u00f6verstiger internationella standarder n\u00e4r det g\u00e4ller h\u00f6g energieffektivitet, l\u00e5ng livsl\u00e4ngd, tillf\u00f6rlitlighet och estetiska v\u00e4rden. Vi \u00e4r ett team som str\u00e4var efter excellens och alltid str\u00e4var efter att ge v\u00e5ra kunder de mest innovativa l\u00f6sningarna.<\/p><p><em>H\u00e5llbarhet och milj\u00f6h\u00e4nsyn: V\u00e5r respekt f\u00f6r naturen utg\u00f6r grunden f\u00f6r v\u00e5ra f\u00f6retagsv\u00e4rderingar. Vi utformar v\u00e5ra produktionsprocesser och produkter f\u00f6r att minimera milj\u00f6p\u00e5verkan. Vi bidrar till en h\u00e5llbar framtid genom att anv\u00e4nda v\u00e5ra energibesparande produkter, milj\u00f6v\u00e4nliga material och \u00e5tervinningsbara f\u00f6rpackningar. Vi agerar med medvetenhet om v\u00e5rt milj\u00f6ansvar och erbjuder v\u00e5ra kunder milj\u00f6v\u00e4nliga och energieffektiva belysningsl\u00f6sningar.<\/em><\/p><p><em>Kundn\u00f6jdhet och tillf\u00f6rlitlighet: Vi str\u00e4var efter att h\u00e5lla v\u00e5ra kunders n\u00f6jdhet p\u00e5 h\u00f6gsta niv\u00e5 genom att fokusera p\u00e5 deras behov och f\u00f6rv\u00e4ntningar. Tillf\u00f6rlitlighet \u00e4r h\u00f6rnstenen i v\u00e5r verksamhet och vi utv\u00e4rderar noggrant varje produkt med avseende p\u00e5 kvalitet och prestanda. Med ett professionellt och kundorienterat tillv\u00e4gag\u00e5ngss\u00e4tt arbetar vi f\u00f6r att tillhandah\u00e5lla de mest l\u00e4mpliga l\u00f6sningarna f\u00f6r dina projekt och behov. V\u00e5ra kunders f\u00f6rtroende f\u00f6r oss \u00e4r grunden f\u00f6r att etablera l\u00e5ngsiktiga aff\u00e4rsrelationer, och vi str\u00e4var alltid efter att f\u00f6rtj\u00e4na detta f\u00f6rtroende.<\/em><\/p>\t\t\t\t\t\t\t\t<\/div>\n\t\t\t\t<\/div>\n\t\t\t\t\t<\/div>\n\t\t<\/div>\n\t\t\t\t\t<\/div>\n\t\t<\/section>\n\t\t\t\t<\/div>","protected":false},"excerpt":{"rendered":"<p>Innovation and Excellence: As a Scandinavian brand, we provide our leadership in LED luminaire production with innovation and excellence. As a brand with a deep-rooted history and constantly investing in new technologies, we move forward by designing groundbreaking products in the lighting industry. Our products have a quality that exceeds international standards in terms of high energy efficiency, longevity, reliability and aesthetic values. We are a team aiming for excellence and always strive to provide our customers with the most innovative solutions. Sustainability and Sensitivity to the Environment: Our respect for nature forms the basis of our corporate values. We design our production processes and products to minimize environmental impact. We contribute to a sustainable future by using our energy-saving products, environmentally friendly materials and recyclable packaging. We act with the awareness of environmental responsibility and offer our customers environmentally friendly and energy efficient lighting solutions. Customer Satisfaction and Reliability: We aim to keep the satisfaction of our customers at the highest level by focusing on their needs and expectations. Reliability is the cornerstone of our business and we meticulously evaluate each of our products for quality and performance. With a professional and customer-oriented approach, we work to provide the most suitable solutions for your projects and demands. Our customers&#8217; trust in us is the basis for establishing long-term business relationships, and we always strive to deserve this trust.<\/p>","protected":false},"author":1,"featured_media":0,"parent":0,"menu_order":0,"comment_status":"closed","ping_status":"closed","template":"","meta":{"inline_featured_image":false,"footnotes":""},"class_list":["post-200","page","type-page","status-publish","hentry"],"yoast_head":"<!-- This site is optimized with the Yoast SEO plugin v25.9 - https:\/\/yoast.com\/wordpress\/plugins\/seo\/ -->\n<title>Corporate Values - Noral Lighting<\/title>\n<meta name=\"robots\" content=\"index, follow, max-snippet:-1, max-image-preview:large, max-video-preview:-1\" \/>\n<link rel=\"canonical\" href=\"https:\/\/noral.de\/sv\/corporate-values\/\" \/>\n<meta property=\"og:locale\" content=\"sv_SE\" \/>\n<meta property=\"og:type\" content=\"article\" \/>\n<meta property=\"og:title\" content=\"Corporate Values - Noral Lighting\" \/>\n<meta property=\"og:description\" content=\"Innovation and Excellence: As a Scandinavian brand, we provide our leadership in LED luminaire production with innovation and excellence. As a brand with a deep-rooted history and constantly investing in new technologies, we move forward by designing groundbreaking products in the lighting industry. Our products have a quality that exceeds international standards in terms of high energy efficiency, longevity, reliability and aesthetic values. We are a team aiming for excellence and always strive to provide our customers with the most innovative solutions. Sustainability and Sensitivity to the Environment: Our respect for nature forms the basis of our corporate values. We design our production processes and products to minimize environmental impact. We contribute to a sustainable future by using our energy-saving products, environmentally friendly materials and recyclable packaging. We act with the awareness of environmental responsibility and offer our customers environmentally friendly and energy efficient lighting solutions. Customer Satisfaction and Reliability: We aim to keep the satisfaction of our customers at the highest level by focusing on their needs and expectations. Reliability is the cornerstone of our business and we meticulously evaluate each of our products for quality and performance. With a professional and customer-oriented approach, we work to provide the most suitable solutions for your projects and demands. Our customers&#8217; trust in us is the basis for establishing long-term business relationships, and we always strive to deserve this trust.\" \/>\n<meta property=\"og:url\" content=\"https:\/\/noral.de\/sv\/corporate-values\/\" \/>\n<meta property=\"og:site_name\" content=\"Noral Lighting\" \/>\n<meta property=\"article:modified_time\" content=\"2023-09-08T11:15:40+00:00\" \/>\n<meta property=\"og:image\" content=\"https:\/\/noral.de\/wp-content\/uploads\/2023\/09\/isikalr.jpg\" \/>\n<meta name=\"twitter:card\" content=\"summary_large_image\" \/>\n<meta name=\"twitter:label1\" content=\"Ber\u00e4knad l\u00e4stid\" \/>\n\t<meta name=\"twitter:data1\" content=\"1 minut\" \/>\n<script type=\"application\/ld+json\" class=\"yoast-schema-graph\">{\"@context\":\"https:\/\/schema.org\",\"@graph\":[{\"@type\":\"WebPage\",\"@id\":\"https:\/\/noral.de\/corporate-values\/\",\"url\":\"https:\/\/noral.de\/corporate-values\/\",\"name\":\"Corporate Values - Noral Lighting\",\"isPartOf\":{\"@id\":\"https:\/\/noral.de\/#website\"},\"primaryImageOfPage\":{\"@id\":\"https:\/\/noral.de\/corporate-values\/#primaryimage\"},\"image\":{\"@id\":\"https:\/\/noral.de\/corporate-values\/#primaryimage\"},\"thumbnailUrl\":\"https:\/\/noral.de\/wp-content\/uploads\/2023\/09\/isikalr.jpg\",\"datePublished\":\"2023-08-21T11:10:29+00:00\",\"dateModified\":\"2023-09-08T11:15:40+00:00\",\"breadcrumb\":{\"@id\":\"https:\/\/noral.de\/corporate-values\/#breadcrumb\"},\"inLanguage\":\"sv-SE\",\"potentialAction\":[{\"@type\":\"ReadAction\",\"target\":[\"https:\/\/noral.de\/corporate-values\/\"]}]},{\"@type\":\"ImageObject\",\"inLanguage\":\"sv-SE\",\"@id\":\"https:\/\/noral.de\/corporate-values\/#primaryimage\",\"url\":\"https:\/\/noral.de\/wp-content\/uploads\/2023\/09\/isikalr.jpg\",\"contentUrl\":\"https:\/\/noral.de\/wp-content\/uploads\/2023\/09\/isikalr.jpg\"},{\"@type\":\"BreadcrumbList\",\"@id\":\"https:\/\/noral.de\/corporate-values\/#breadcrumb\",\"itemListElement\":[{\"@type\":\"ListItem\",\"position\":1,\"name\":\"Home\",\"item\":\"https:\/\/noral.de\/\"},{\"@type\":\"ListItem\",\"position\":2,\"name\":\"Corporate Values\"}]},{\"@type\":\"WebSite\",\"@id\":\"https:\/\/noral.de\/#website\",\"url\":\"https:\/\/noral.de\/\",\"name\":\"Noral\",\"description\":\"GmbH\",\"publisher\":{\"@id\":\"https:\/\/noral.de\/#organization\"},\"potentialAction\":[{\"@type\":\"SearchAction\",\"target\":{\"@type\":\"EntryPoint\",\"urlTemplate\":\"https:\/\/noral.de\/?s={search_term_string}\"},\"query-input\":{\"@type\":\"PropertyValueSpecification\",\"valueRequired\":true,\"valueName\":\"search_term_string\"}}],\"inLanguage\":\"sv-SE\"},{\"@type\":\"Organization\",\"@id\":\"https:\/\/noral.de\/#organization\",\"name\":\"Noral\",\"url\":\"https:\/\/noral.de\/\",\"logo\":{\"@type\":\"ImageObject\",\"inLanguage\":\"sv-SE\",\"@id\":\"https:\/\/noral.de\/#\/schema\/logo\/image\/\",\"url\":\"https:\/\/noral.de\/wp-content\/uploads\/2023\/08\/noral-logo.svg\",\"contentUrl\":\"https:\/\/noral.de\/wp-content\/uploads\/2023\/08\/noral-logo.svg\",\"width\":248,\"height\":70,\"caption\":\"Noral\"},\"image\":{\"@id\":\"https:\/\/noral.de\/#\/schema\/logo\/image\/\"}}]}<\/script>\n<!-- \/ Yoast SEO plugin. -->","yoast_head_json":{"title":"Corporate Values - Noral Lighting","robots":{"index":"index","follow":"follow","max-snippet":"max-snippet:-1","max-image-preview":"max-image-preview:large","max-video-preview":"max-video-preview:-1"},"canonical":"https:\/\/noral.de\/sv\/corporate-values\/","og_locale":"sv_SE","og_type":"article","og_title":"Corporate Values - Noral Lighting","og_description":"Innovation and Excellence: As a Scandinavian brand, we provide our leadership in LED luminaire production with innovation and excellence. As a brand with a deep-rooted history and constantly investing in new technologies, we move forward by designing groundbreaking products in the lighting industry. Our products have a quality that exceeds international standards in terms of high energy efficiency, longevity, reliability and aesthetic values. We are a team aiming for excellence and always strive to provide our customers with the most innovative solutions. Sustainability and Sensitivity to the Environment: Our respect for nature forms the basis of our corporate values. We design our production processes and products to minimize environmental impact. We contribute to a sustainable future by using our energy-saving products, environmentally friendly materials and recyclable packaging. We act with the awareness of environmental responsibility and offer our customers environmentally friendly and energy efficient lighting solutions. Customer Satisfaction and Reliability: We aim to keep the satisfaction of our customers at the highest level by focusing on their needs and expectations. Reliability is the cornerstone of our business and we meticulously evaluate each of our products for quality and performance. With a professional and customer-oriented approach, we work to provide the most suitable solutions for your projects and demands. Our customers&#8217; trust in us is the basis for establishing long-term business relationships, and we always strive to deserve this trust.","og_url":"https:\/\/noral.de\/sv\/corporate-values\/","og_site_name":"Noral Lighting","article_modified_time":"2023-09-08T11:15:40+00:00","og_image":[{"url":"https:\/\/noral.de\/wp-content\/uploads\/2023\/09\/isikalr.jpg","type":"","width":"","height":""}],"twitter_card":"summary_large_image","twitter_misc":{"Ber\u00e4knad l\u00e4stid":"1 minut"},"schema":{"@context":"https:\/\/schema.org","@graph":[{"@type":"WebPage","@id":"https:\/\/noral.de\/corporate-values\/","url":"https:\/\/noral.de\/corporate-values\/","name":"Corporate Values - Noral Lighting","isPartOf":{"@id":"https:\/\/noral.de\/#website"},"primaryImageOfPage":{"@id":"https:\/\/noral.de\/corporate-values\/#primaryimage"},"image":{"@id":"https:\/\/noral.de\/corporate-values\/#primaryimage"},"thumbnailUrl":"https:\/\/noral.de\/wp-content\/uploads\/2023\/09\/isikalr.jpg","datePublished":"2023-08-21T11:10:29+00:00","dateModified":"2023-09-08T11:15:40+00:00","breadcrumb":{"@id":"https:\/\/noral.de\/corporate-values\/#breadcrumb"},"inLanguage":"sv-SE","potentialAction":[{"@type":"ReadAction","target":["https:\/\/noral.de\/corporate-values\/"]}]},{"@type":"ImageObject","inLanguage":"sv-SE","@id":"https:\/\/noral.de\/corporate-values\/#primaryimage","url":"https:\/\/noral.de\/wp-content\/uploads\/2023\/09\/isikalr.jpg","contentUrl":"https:\/\/noral.de\/wp-content\/uploads\/2023\/09\/isikalr.jpg"},{"@type":"BreadcrumbList","@id":"https:\/\/noral.de\/corporate-values\/#breadcrumb","itemListElement":[{"@type":"ListItem","position":1,"name":"Home","item":"https:\/\/noral.de\/"},{"@type":"ListItem","position":2,"name":"Corporate Values"}]},{"@type":"WebSite","@id":"https:\/\/noral.de\/#website","url":"https:\/\/noral.de\/","name":"Noral","description":"GmbH","publisher":{"@id":"https:\/\/noral.de\/#organization"},"potentialAction":[{"@type":"SearchAction","target":{"@type":"EntryPoint","urlTemplate":"https:\/\/noral.de\/?s={search_term_string}"},"query-input":{"@type":"PropertyValueSpecification","valueRequired":true,"valueName":"search_term_string"}}],"inLanguage":"sv-SE"},{"@type":"Organization","@id":"https:\/\/noral.de\/#organization","name":"Noral","url":"https:\/\/noral.de\/","logo":{"@type":"ImageObject","inLanguage":"sv-SE","@id":"https:\/\/noral.de\/#\/schema\/logo\/image\/","url":"https:\/\/noral.de\/wp-content\/uploads\/2023\/08\/noral-logo.svg","contentUrl":"https:\/\/noral.de\/wp-content\/uploads\/2023\/08\/noral-logo.svg","width":248,"height":70,"caption":"Noral"},"image":{"@id":"https:\/\/noral.de\/#\/schema\/logo\/image\/"}}]}},"_links":{"self":[{"href":"https:\/\/noral.de\/sv\/wp-json\/wp\/v2\/pages\/200","targetHints":{"allow":["GET"]}}],"collection":[{"href":"https:\/\/noral.de\/sv\/wp-json\/wp\/v2\/pages"}],"about":[{"href":"https:\/\/noral.de\/sv\/wp-json\/wp\/v2\/types\/page"}],"author":[{"embeddable":true,"href":"https:\/\/noral.de\/sv\/wp-json\/wp\/v2\/users\/1"}],"replies":[{"embeddable":true,"href":"https:\/\/noral.de\/sv\/wp-json\/wp\/v2\/comments?post=200"}],"version-history":[{"count":0,"href":"https:\/\/noral.de\/sv\/wp-json\/wp\/v2\/pages\/200\/revisions"}],"wp:attachment":[{"href":"https:\/\/noral.de\/sv\/wp-json\/wp\/v2\/media?parent=200"}],"curies":[{"name":"wp","href":"https:\/\/api.w.org\/{rel}","templated":true}]}}